{"id":3522,"date":"2021-03-31T16:05:25","date_gmt":"2021-03-31T08:05:25","guid":{"rendered":"https:\/\/alphuette.tw\/?post_type=product&#038;p=3522"},"modified":"2025-12-16T17:56:01","modified_gmt":"2025-12-16T09:56:01","slug":"swiss-beef-sausage-st-gallen","status":"publish","type":"product","link":"https:\/\/alphuette.tw\/tw\/product\/swiss-beef-sausage-st-gallen\/","title":{"rendered":"\u745e\u58eb\u8056\u52a0\u4f96\u725b\u8089\u9999\u8178"},"content":{"rendered":"<p>\u5b83\u904d\u5e03\u65bc\u745e\u58eb\u7684\u5fb7\u8a9e\u5340 \u5728\u745e\u58eb\u6211\u5011\u7a31\u5b83\u70ba \u201cSch\u00fcblig\u201d \u5b83\u7531\u8c6c\u8089\u548c\u725b\u8089\u6df7\u5408 \u518d\u7d93\u904e\u91cd\u5ea6\u7159\u71fb\u7684\u5404\u7a2e\u9999\u8178 \u6709\u7684 \u201cSch\u00fcblig\u201d \u70ba\u98a8\u4e7e\u9999\u8178 \u800c\u6211\u5011\u7684\u5247\u662f\u5c6c\u65bc \u719f\u7684\u7159\u71fb\u9999\u8178 \u5728\u745e\u58eb\u6771\u90e8\u6709\u53e5\u8a71\u8aaa \u201cH\u00e4sch Sch\u00fcblig i de Or\u00e4\uff1f\u201d \uff08\u60a8\u7684\u8033\u6735\u88e1\u6709Sch\u00fcblig \u55ce\uff1f\uff09 \u9019\u662f \u7576\u67d0\u4eba\u5c0d\u8a71\u8a9e\u6709\u6240\u8aa4\u89e3 \u6216\u5047\u88dd\u8457\u807d\u4e0d\u61c2\u5c0d\u65b9\u610f\u601d\u7684\u96b1\u55bb \u745e\u58eb\u5927\u591a\u6578\u57ce\u5e02\u90fd\u6709\u8056\u52a0\u4f96\u9999\u8178 \u201cSch\u00fcblig\u201d \u73fe\u5728\u5728\u53f0\u7063\u4f60\u4e5f\u80fd\u4eab\u7528\u5b83 \u5b83\u9069\u5408 \u716e\u3001\u70e4\u3001\u714e\u6216\u76f4\u63a5\u51b7\u98df\u7528<\/p>","protected":false},"excerpt":{"rendered":"<p>\u201cSch\u00fcblig\u201d \u2013 as we call it in Switzerland are various heavily smoked sausages made throughout the German-speaking part of Switzerland. Made of pork and beef, some \u201cSch\u00fcblig\u201d are classified as dry sausage, while our version is cooked and smoked sausage. In Eastern Switzerland, \u201cH\u00e4sch Sch\u00fcblig i de Or\u00e4?\u201d (have you got Sch\u00fcblig in your ears?)[&#8230;]\n","protected":false},"featured_media":8865,"comment_status":"open","ping_status":"closed","template":"","meta":[],"product_brand":[],"product_cat":[117],"product_tag":[263,253,258,260,262,261],"class_list":{"0":"post-3522","1":"product","2":"type-product","3":"status-publish","4":"has-post-thumbnail","6":"product_cat-sausages","7":"product_tag-cooked","8":"product_tag-pork-beef","9":"product_tag-produced-in-taiwan","10":"product_tag-sausage","11":"product_tag-smoked","12":"product_tag-swiss-style","13":"product_shipping_class-frozen-goods","15":"first","16":"outofstock","17":"purchasable","18":"product-type-simple"},"_links":{"self":[{"href":"https:\/\/alphuette.tw\/tw\/wp-json\/wp\/v2\/product\/3522","targetHints":{"allow":["GET"]}}],"collection":[{"href":"https:\/\/alphuette.tw\/tw\/wp-json\/wp\/v2\/product"}],"about":[{"href":"https:\/\/alphuette.tw\/tw\/wp-json\/wp\/v2\/types\/product"}],"replies":[{"embeddable":true,"href":"https:\/\/alphuette.tw\/tw\/wp-json\/wp\/v2\/comments?post=3522"}],"wp:featuredmedia":[{"embeddable":true,"href":"https:\/\/alphuette.tw\/tw\/wp-json\/wp\/v2\/media\/8865"}],"wp:attachment":[{"href":"https:\/\/alphuette.tw\/tw\/wp-json\/wp\/v2\/media?parent=3522"}],"wp:term":[{"taxonomy":"product_brand","embeddable":true,"href":"https:\/\/alphuette.tw\/tw\/wp-json\/wp\/v2\/product_brand?post=3522"},{"taxonomy":"product_cat","embeddable":true,"href":"https:\/\/alphuette.tw\/tw\/wp-json\/wp\/v2\/product_cat?post=3522"},{"taxonomy":"product_tag","embeddable":true,"href":"https:\/\/alphuette.tw\/tw\/wp-json\/wp\/v2\/product_tag?post=3522"}],"curies":[{"name":"wp","href":"https:\/\/api.w.org\/{rel}","templated":true}]}}